{"id":692,"date":"2022-09-21T22:38:28","date_gmt":"2022-09-21T20:38:28","guid":{"rendered":"https:\/\/dev.elektro-schoenenberger.ch\/?page_id=692"},"modified":"2022-09-21T22:43:34","modified_gmt":"2022-09-21T20:43:34","slug":"emobility","status":"publish","type":"page","link":"https:\/\/elektro-schoenenberger.ch\/?page_id=692","title":{"rendered":"E-Mobility"},"content":{"rendered":"\t\t<div data-elementor-type=\"wp-page\" data-elementor-id=\"692\" class=\"elementor elementor-692\">\n\t\t\t\t\t\t<div class=\"elementor-inner\">\n\t\t\t\t<div class=\"elementor-section-wrap\">\n\t\t\t\t\t\t\t\t\t<section class=\"elementor-section elementor-top-section elementor-element elementor-element-3770a90e elementor-section-boxed elementor-section-height-default elementor-section-height-default\" data-id=\"3770a90e\" data-element_type=\"section\" data-settings=\"{&quot;background_background&quot;:&quot;classic&quot;}\">\n\t\t\t\t\t\t\t<div class=\"elementor-background-overlay\"><\/div>\n\t\t\t\t\t\t\t<div class=\"elementor-container elementor-column-gap-default\">\n\t\t\t\t\t\t\t<div class=\"elementor-row\">\n\t\t\t\t\t<div class=\"elementor-column elementor-col-33 elementor-top-column elementor-element elementor-element-24be205e\" data-id=\"24be205e\" data-element_type=\"column\">\n\t\t\t<div class=\"elementor-column-wrap\">\n\t\t\t\t\t\t\t<div class=\"elementor-widget-wrap\">\n\t\t\t\t\t\t\t\t<\/div>\n\t\t\t\t\t<\/div>\n\t\t<\/div>\n\t\t\t\t<div class=\"elementor-column elementor-col-33 elementor-top-column elementor-element elementor-element-13e3b822\" data-id=\"13e3b822\" data-element_type=\"column\">\n\t\t\t<div class=\"elementor-column-wrap elementor-element-populated\">\n\t\t\t\t\t\t\t<div class=\"elementor-widget-wrap\">\n\t\t\t\t\t\t<div class=\"elementor-element elementor-element-53b94d60 elementor-widget elementor-widget-heading\" data-id=\"53b94d60\" data-element_type=\"widget\" data-widget_type=\"heading.default\">\n\t\t\t\t<div class=\"elementor-widget-container\">\n\t\t\t<h1 class=\"elementor-heading-title elementor-size-default\">e-mobility<\/h1>\t\t<\/div>\n\t\t\t\t<\/div>\n\t\t\t\t\t\t<\/div>\n\t\t\t\t\t<\/div>\n\t\t<\/div>\n\t\t\t\t<div class=\"elementor-column elementor-col-33 elementor-top-column elementor-element elementor-element-41b3f344\" data-id=\"41b3f344\" data-element_type=\"column\">\n\t\t\t<div class=\"elementor-column-wrap\">\n\t\t\t\t\t\t\t<div class=\"elementor-widget-wrap\">\n\t\t\t\t\t\t\t\t<\/div>\n\t\t\t\t\t<\/div>\n\t\t<\/div>\n\t\t\t\t\t\t\t\t<\/div>\n\t\t\t\t\t<\/div>\n\t\t<\/section>\n\t\t\t\t<section class=\"elementor-section elementor-top-section elementor-element elementor-element-727b5766 elementor-section-boxed elementor-section-height-default elementor-section-height-default\" data-id=\"727b5766\" data-element_type=\"section\">\n\t\t\t\t\t\t<div class=\"elementor-container elementor-column-gap-default\">\n\t\t\t\t\t\t\t<div class=\"elementor-row\">\n\t\t\t\t\t<div class=\"elementor-column elementor-col-66 elementor-top-column elementor-element elementor-element-3c95c7bb\" data-id=\"3c95c7bb\" data-element_type=\"column\">\n\t\t\t<div class=\"elementor-column-wrap elementor-element-populated\">\n\t\t\t\t\t\t\t<div class=\"elementor-widget-wrap\">\n\t\t\t\t\t\t<div class=\"elementor-element elementor-element-2bdda134 elementor-widget elementor-widget-heading\" data-id=\"2bdda134\" data-element_type=\"widget\" data-widget_type=\"heading.default\">\n\t\t\t\t<div class=\"elementor-widget-container\">\n\t\t\t<h2 class=\"elementor-heading-title elementor-size-xl\">intelligente ladel\u00f6sungen<\/h2>\t\t<\/div>\n\t\t\t\t<\/div>\n\t\t\t\t<div class=\"elementor-element elementor-element-152aaddd elementor-widget-divider--view-line elementor-widget elementor-widget-divider\" data-id=\"152aaddd\" data-element_type=\"widget\" data-widget_type=\"divider.default\">\n\t\t\t\t<div class=\"elementor-widget-container\">\n\t\t\t\t\t<div class=\"elementor-divider\">\n\t\t\t<span class=\"elementor-divider-separator\">\n\t\t\t\t\t\t<\/span>\n\t\t<\/div>\n\t\t\t\t<\/div>\n\t\t\t\t<\/div>\n\t\t\t\t<div class=\"elementor-element elementor-element-2665d86 elementor-widget elementor-widget-text-editor\" data-id=\"2665d86\" data-element_type=\"widget\" data-widget_type=\"text-editor.default\">\n\t\t\t\t<div class=\"elementor-widget-container\">\n\t\t\t\t\t\t\t\t<div class=\"elementor-text-editor elementor-clearfix\">\n\t\t\t\t<p>Mit einer Ladestation f\u00fcr Elektrofahrzeuge l\u00e4dt ihr Auto schneller und intelligenter und vorallem sicherer. Wir bieten L\u00f6sungen f\u00fcr den Privathaushalt, Lastmanagement f\u00fcr Mehrfamilienh\u00e4user und \u00f6ffentliche Ladestationen an.<\/p><ul><li>Wallboxen Privathaushalt<\/li><li>Lades\u00e4ulen<\/li><li>Lastmanagementsteuerungen und Abrechnungssysteme<\/li><li>Berechnungen F\u00f6rderbeitr\u00e4ge<\/li><li>Energieoptimierung in Kombination mit PV Anlagen<\/li><\/ul>\t\t\t\t\t<\/div>\n\t\t\t\t\t\t<\/div>\n\t\t\t\t<\/div>\n\t\t\t\t\t\t<\/div>\n\t\t\t\t\t<\/div>\n\t\t<\/div>\n\t\t\t\t<div class=\"elementor-column elementor-col-33 elementor-top-column elementor-element elementor-element-2589350c\" data-id=\"2589350c\" data-element_type=\"column\">\n\t\t\t<div class=\"elementor-column-wrap elementor-element-populated\">\n\t\t\t\t\t\t\t<div class=\"elementor-widget-wrap\">\n\t\t\t\t\t\t<div class=\"elementor-element elementor-element-1eab8cea elementor-widget elementor-widget-image\" data-id=\"1eab8cea\" data-element_type=\"widget\" data-widget_type=\"image.default\">\n\t\t\t\t<div class=\"elementor-widget-container\">\n\t\t\t\t\t\t\t\t<div class=\"elementor-image\">\n\t\t\t\t\t\t\t\t\t\t\t\t<img loading=\"lazy\" decoding=\"async\" width=\"1200\" height=\"1600\" src=\"https:\/\/elektro-schoenenberger.ch\/wp-content\/uploads\/2022\/09\/mobility_inhalt.jpeg\" class=\"attachment-full size-full\" alt=\"\" srcset=\"https:\/\/elektro-schoenenberger.ch\/wp-content\/uploads\/2022\/09\/mobility_inhalt.jpeg 1200w, https:\/\/elektro-schoenenberger.ch\/wp-content\/uploads\/2022\/09\/mobility_inhalt-225x300.jpeg 225w, https:\/\/elektro-schoenenberger.ch\/wp-content\/uploads\/2022\/09\/mobility_inhalt-768x1024.jpeg 768w, https:\/\/elektro-schoenenberger.ch\/wp-content\/uploads\/2022\/09\/mobility_inhalt-1152x1536.jpeg 1152w\" sizes=\"(max-width: 1200px) 100vw, 1200px\" \/>\t\t\t\t\t\t\t\t\t\t\t\t\t\t<\/div>\n\t\t\t\t\t\t<\/div>\n\t\t\t\t<\/div>\n\t\t\t\t\t\t<\/div>\n\t\t\t\t\t<\/div>\n\t\t<\/div>\n\t\t\t\t\t\t\t\t<\/div>\n\t\t\t\t\t<\/div>\n\t\t<\/section>\n\t\t\t\t\t\t\t\t\t<\/div>\n\t\t\t<\/div>\n\t\t\t\t\t<\/div>\n\t\t","protected":false},"excerpt":{"rendered":"<p>e-mobility intelligente ladel\u00f6sungen Mit einer Ladestation f\u00fcr Elektrofahrzeuge l\u00e4dt ihr Auto schneller und intelligenter und vorallem sicherer. Wir bieten L\u00f6sungen f\u00fcr den Privathaushalt, Lastmanagement f\u00fcr Mehrfamilienh\u00e4user und \u00f6ffentliche Ladestationen an. Wallboxen Privathaushalt Lades\u00e4ulen Lastmanagementsteuerungen und Abrechnungssysteme Berechnungen F\u00f6rderbeitr\u00e4ge Energieoptimierung in Kombination mit PV Anlagen<\/p>\n","protected":false},"author":1,"featured_media":0,"parent":0,"menu_order":0,"comment_status":"closed","ping_status":"closed","template":"","meta":{"site-sidebar-layout":"no-sidebar","site-content-layout":"page-builder","ast-global-header-display":"","ast-main-header-display":"","ast-hfb-above-header-display":"","ast-hfb-below-header-display":"","ast-hfb-mobile-header-display":"","site-post-title":"disabled","ast-breadcrumbs-content":"","ast-featured-img":"disabled","footer-sml-layout":"","theme-transparent-header-meta":"default","adv-header-id-meta":"","stick-header-meta":"","header-above-stick-meta":"","header-main-stick-meta":"","header-below-stick-meta":"","footnotes":""},"_links":{"self":[{"href":"https:\/\/elektro-schoenenberger.ch\/index.php?rest_route=\/wp\/v2\/pages\/692"}],"collection":[{"href":"https:\/\/elektro-schoenenberger.ch\/index.php?rest_route=\/wp\/v2\/pages"}],"about":[{"href":"https:\/\/elektro-schoenenberger.ch\/index.php?rest_route=\/wp\/v2\/types\/page"}],"author":[{"embeddable":true,"href":"https:\/\/elektro-schoenenberger.ch\/index.php?rest_route=\/wp\/v2\/users\/1"}],"replies":[{"embeddable":true,"href":"https:\/\/elektro-schoenenberger.ch\/index.php?rest_route=%2Fwp%2Fv2%2Fcomments&post=692"}],"version-history":[{"count":5,"href":"https:\/\/elektro-schoenenberger.ch\/index.php?rest_route=\/wp\/v2\/pages\/692\/revisions"}],"predecessor-version":[{"id":701,"href":"https:\/\/elektro-schoenenberger.ch\/index.php?rest_route=\/wp\/v2\/pages\/692\/revisions\/701"}],"wp:attachment":[{"href":"https:\/\/elektro-schoenenberger.ch\/index.php?rest_route=%2Fwp%2Fv2%2Fmedia&parent=692"}],"curies":[{"name":"wp","href":"https:\/\/api.w.org\/{rel}","templated":true}]}}