{"id":680,"date":"2022-09-21T22:26:38","date_gmt":"2022-09-21T20:26:38","guid":{"rendered":"https:\/\/dev.elektro-schoenenberger.ch\/?page_id=680"},"modified":"2024-11-14T13:45:53","modified_gmt":"2024-11-14T12:45:53","slug":"ausbildung","status":"publish","type":"page","link":"https:\/\/elektro-schoenenberger.ch\/?page_id=680","title":{"rendered":"Ausbildung"},"content":{"rendered":"\t\t<div data-elementor-type=\"wp-page\" data-elementor-id=\"680\" class=\"elementor elementor-680\">\n\t\t\t\t\t\t<div class=\"elementor-inner\">\n\t\t\t\t<div class=\"elementor-section-wrap\">\n\t\t\t\t\t\t\t\t\t<section class=\"elementor-section elementor-top-section elementor-element elementor-element-5aa81e5e elementor-section-boxed elementor-section-height-default elementor-section-height-default\" data-id=\"5aa81e5e\" data-element_type=\"section\" data-settings=\"{&quot;background_background&quot;:&quot;classic&quot;}\">\n\t\t\t\t\t\t\t<div class=\"elementor-background-overlay\"><\/div>\n\t\t\t\t\t\t\t<div class=\"elementor-container elementor-column-gap-default\">\n\t\t\t\t\t\t\t<div class=\"elementor-row\">\n\t\t\t\t\t<div class=\"elementor-column elementor-col-33 elementor-top-column elementor-element elementor-element-6ddd0b40\" data-id=\"6ddd0b40\" data-element_type=\"column\">\n\t\t\t<div class=\"elementor-column-wrap\">\n\t\t\t\t\t\t\t<div class=\"elementor-widget-wrap\">\n\t\t\t\t\t\t\t\t<\/div>\n\t\t\t\t\t<\/div>\n\t\t<\/div>\n\t\t\t\t<div class=\"elementor-column elementor-col-33 elementor-top-column elementor-element elementor-element-60fbba58\" data-id=\"60fbba58\" data-element_type=\"column\">\n\t\t\t<div class=\"elementor-column-wrap elementor-element-populated\">\n\t\t\t\t\t\t\t<div class=\"elementor-widget-wrap\">\n\t\t\t\t\t\t<div class=\"elementor-element elementor-element-62fdde9f elementor-widget elementor-widget-heading\" data-id=\"62fdde9f\" data-element_type=\"widget\" data-widget_type=\"heading.default\">\n\t\t\t\t<div class=\"elementor-widget-container\">\n\t\t\t<h1 class=\"elementor-heading-title elementor-size-default\">Ausbildung<\/h1>\t\t<\/div>\n\t\t\t\t<\/div>\n\t\t\t\t\t\t<\/div>\n\t\t\t\t\t<\/div>\n\t\t<\/div>\n\t\t\t\t<div class=\"elementor-column elementor-col-33 elementor-top-column elementor-element elementor-element-259529e2\" data-id=\"259529e2\" data-element_type=\"column\">\n\t\t\t<div class=\"elementor-column-wrap\">\n\t\t\t\t\t\t\t<div class=\"elementor-widget-wrap\">\n\t\t\t\t\t\t\t\t<\/div>\n\t\t\t\t\t<\/div>\n\t\t<\/div>\n\t\t\t\t\t\t\t\t<\/div>\n\t\t\t\t\t<\/div>\n\t\t<\/section>\n\t\t\t\t<section class=\"elementor-section elementor-top-section elementor-element elementor-element-6ddab365 elementor-section-boxed elementor-section-height-default elementor-section-height-default\" data-id=\"6ddab365\" data-element_type=\"section\">\n\t\t\t\t\t\t<div class=\"elementor-container elementor-column-gap-default\">\n\t\t\t\t\t\t\t<div class=\"elementor-row\">\n\t\t\t\t\t<div class=\"elementor-column elementor-col-50 elementor-top-column elementor-element elementor-element-6996fd7f\" data-id=\"6996fd7f\" data-element_type=\"column\">\n\t\t\t<div class=\"elementor-column-wrap elementor-element-populated\">\n\t\t\t\t\t\t\t<div class=\"elementor-widget-wrap\">\n\t\t\t\t\t\t<div class=\"elementor-element elementor-element-7a8bc4cd elementor-widget elementor-widget-heading\" data-id=\"7a8bc4cd\" data-element_type=\"widget\" data-widget_type=\"heading.default\">\n\t\t\t\t<div class=\"elementor-widget-container\">\n\t\t\t<h2 class=\"elementor-heading-title elementor-size-default\">Lehrstelle<\/h2>\t\t<\/div>\n\t\t\t\t<\/div>\n\t\t\t\t<div class=\"elementor-element elementor-element-7dfc9765 elementor-widget-divider--view-line elementor-widget elementor-widget-divider\" data-id=\"7dfc9765\" data-element_type=\"widget\" data-widget_type=\"divider.default\">\n\t\t\t\t<div class=\"elementor-widget-container\">\n\t\t\t\t\t<div class=\"elementor-divider\">\n\t\t\t<span class=\"elementor-divider-separator\">\n\t\t\t\t\t\t<\/span>\n\t\t<\/div>\n\t\t\t\t<\/div>\n\t\t\t\t<\/div>\n\t\t\t\t<div class=\"elementor-element elementor-element-7560e168 elementor-widget elementor-widget-text-editor\" data-id=\"7560e168\" data-element_type=\"widget\" data-widget_type=\"text-editor.default\">\n\t\t\t\t<div class=\"elementor-widget-container\">\n\t\t\t\t\t\t\t\t<div class=\"elementor-text-editor elementor-clearfix\">\n\t\t\t\t<p>J\u00e4hrlich vergeben wir 3-4 Lehrstellen f\u00fcr die Ausbildung zum Elektroinstallateur oder Montageelektriker. Vereinbare einen Termin f\u00fcr eine Schnupperlehre.<\/p>\n<p>Anmeldung Schnupperlehre:<\/p>\n<p><strong>Elektro Sch\u00f6nenberger AG<\/strong><br>Standort G\u00e4hwil<br><a href=\"mailto:s.schoenenberger@elektro-schoenenberger.ch\">s.schoenenberger@elektro-schoenenberger.ch<\/a><br>071 931 42 42<\/p><p>Standort Wil<br><a href=\"mailto:s.schoenenberger@elektro-schoenenberger.ch\">s.schoenenberger@elektro-schoenenberger.ch<\/a><br>071 911 04 11<\/p>\t\t\t\t\t<\/div>\n\t\t\t\t\t\t<\/div>\n\t\t\t\t<\/div>\n\t\t\t\t\t\t<\/div>\n\t\t\t\t\t<\/div>\n\t\t<\/div>\n\t\t\t\t<div class=\"elementor-column elementor-col-50 elementor-top-column elementor-element elementor-element-dd1e806\" data-id=\"dd1e806\" data-element_type=\"column\">\n\t\t\t<div class=\"elementor-column-wrap elementor-element-populated\">\n\t\t\t\t\t\t\t<div class=\"elementor-widget-wrap\">\n\t\t\t\t\t\t<div class=\"elementor-element elementor-element-1fdd6704 elementor-widget elementor-widget-image\" data-id=\"1fdd6704\" data-element_type=\"widget\" data-widget_type=\"image.default\">\n\t\t\t\t<div class=\"elementor-widget-container\">\n\t\t\t\t\t\t\t\t<div class=\"elementor-image\">\n\t\t\t\t\t\t\t\t\t\t\t\t<img loading=\"lazy\" decoding=\"async\" width=\"1200\" height=\"1600\" src=\"https:\/\/elektro-schoenenberger.ch\/wp-content\/uploads\/2022\/09\/ausbildung_inhalt.jpeg\" class=\"attachment-full size-full\" alt=\"\" srcset=\"https:\/\/elektro-schoenenberger.ch\/wp-content\/uploads\/2022\/09\/ausbildung_inhalt.jpeg 1200w, https:\/\/elektro-schoenenberger.ch\/wp-content\/uploads\/2022\/09\/ausbildung_inhalt-225x300.jpeg 225w, https:\/\/elektro-schoenenberger.ch\/wp-content\/uploads\/2022\/09\/ausbildung_inhalt-768x1024.jpeg 768w, https:\/\/elektro-schoenenberger.ch\/wp-content\/uploads\/2022\/09\/ausbildung_inhalt-1152x1536.jpeg 1152w\" sizes=\"(max-width: 1200px) 100vw, 1200px\" \/>\t\t\t\t\t\t\t\t\t\t\t\t\t\t<\/div>\n\t\t\t\t\t\t<\/div>\n\t\t\t\t<\/div>\n\t\t\t\t\t\t<\/div>\n\t\t\t\t\t<\/div>\n\t\t<\/div>\n\t\t\t\t\t\t\t\t<\/div>\n\t\t\t\t\t<\/div>\n\t\t<\/section>\n\t\t\t\t\t\t\t\t\t<\/div>\n\t\t\t<\/div>\n\t\t\t\t\t<\/div>\n\t\t","protected":false},"excerpt":{"rendered":"<p>Ausbildung Lehrstelle J\u00e4hrlich vergeben wir 3-4 Lehrstellen f\u00fcr die Ausbildung zum Elektroinstallateur oder Montageelektriker. Vereinbare einen Termin f\u00fcr eine Schnupperlehre. Anmeldung Schnupperlehre: Elektro Sch\u00f6nenberger AGStandort G\u00e4hwils.schoenenberger@elektro-schoenenberger.ch071 931 42 42 Standort Wils.schoenenberger@elektro-schoenenberger.ch071 911 04 11<\/p>\n","protected":false},"author":1,"featured_media":0,"parent":0,"menu_order":0,"comment_status":"closed","ping_status":"closed","template":"","meta":{"site-sidebar-layout":"no-sidebar","site-content-layout":"page-builder","ast-global-header-display":"","ast-main-header-display":"","ast-hfb-above-header-display":"","ast-hfb-below-header-display":"","ast-hfb-mobile-header-display":"","site-post-title":"disabled","ast-breadcrumbs-content":"","ast-featured-img":"disabled","footer-sml-layout":"","theme-transparent-header-meta":"default","adv-header-id-meta":"","stick-header-meta":"","header-above-stick-meta":"","header-main-stick-meta":"","header-below-stick-meta":"","footnotes":""},"_links":{"self":[{"href":"https:\/\/elektro-schoenenberger.ch\/index.php?rest_route=\/wp\/v2\/pages\/680"}],"collection":[{"href":"https:\/\/elektro-schoenenberger.ch\/index.php?rest_route=\/wp\/v2\/pages"}],"about":[{"href":"https:\/\/elektro-schoenenberger.ch\/index.php?rest_route=\/wp\/v2\/types\/page"}],"author":[{"embeddable":true,"href":"https:\/\/elektro-schoenenberger.ch\/index.php?rest_route=\/wp\/v2\/users\/1"}],"replies":[{"embeddable":true,"href":"https:\/\/elektro-schoenenberger.ch\/index.php?rest_route=%2Fwp%2Fv2%2Fcomments&post=680"}],"version-history":[{"count":14,"href":"https:\/\/elektro-schoenenberger.ch\/index.php?rest_route=\/wp\/v2\/pages\/680\/revisions"}],"predecessor-version":[{"id":1222,"href":"https:\/\/elektro-schoenenberger.ch\/index.php?rest_route=\/wp\/v2\/pages\/680\/revisions\/1222"}],"wp:attachment":[{"href":"https:\/\/elektro-schoenenberger.ch\/index.php?rest_route=%2Fwp%2Fv2%2Fmedia&parent=680"}],"curies":[{"name":"wp","href":"https:\/\/api.w.org\/{rel}","templated":true}]}}