{"id":517,"date":"2020-09-12T08:51:11","date_gmt":"2020-09-12T06:51:11","guid":{"rendered":"https:\/\/dev.elektro-schoenenberger.ch\/?page_id=517"},"modified":"2022-09-21T20:08:17","modified_gmt":"2022-09-21T18:08:17","slug":"smarthome","status":"publish","type":"page","link":"https:\/\/elektro-schoenenberger.ch\/?page_id=517","title":{"rendered":"Smarthome"},"content":{"rendered":"\t\t<div data-elementor-type=\"wp-page\" data-elementor-id=\"517\" class=\"elementor elementor-517\">\n\t\t\t\t\t\t<div class=\"elementor-inner\">\n\t\t\t\t<div class=\"elementor-section-wrap\">\n\t\t\t\t\t\t\t\t\t<section class=\"elementor-section elementor-top-section elementor-element elementor-element-11915032 elementor-section-boxed elementor-section-height-default elementor-section-height-default\" data-id=\"11915032\" data-element_type=\"section\" data-settings=\"{&quot;background_background&quot;:&quot;classic&quot;}\">\n\t\t\t\t\t\t\t<div class=\"elementor-background-overlay\"><\/div>\n\t\t\t\t\t\t\t<div class=\"elementor-container elementor-column-gap-default\">\n\t\t\t\t\t\t\t<div class=\"elementor-row\">\n\t\t\t\t\t<div class=\"elementor-column elementor-col-100 elementor-top-column elementor-element elementor-element-a5dc77e\" data-id=\"a5dc77e\" data-element_type=\"column\">\n\t\t\t<div class=\"elementor-column-wrap elementor-element-populated\">\n\t\t\t\t\t\t\t<div class=\"elementor-widget-wrap\">\n\t\t\t\t\t\t<div class=\"elementor-element elementor-element-61dd46d5 elementor-widget elementor-widget-heading\" data-id=\"61dd46d5\" data-element_type=\"widget\" data-widget_type=\"heading.default\">\n\t\t\t\t<div class=\"elementor-widget-container\">\n\t\t\t<h1 class=\"elementor-heading-title elementor-size-default\">flexible 360\u00b0 Smarthome l\u00f6sung<\/h1>\t\t<\/div>\n\t\t\t\t<\/div>\n\t\t\t\t\t\t<\/div>\n\t\t\t\t\t<\/div>\n\t\t<\/div>\n\t\t\t\t\t\t\t\t<\/div>\n\t\t\t\t\t<\/div>\n\t\t<\/section>\n\t\t\t\t<section class=\"elementor-section elementor-top-section elementor-element elementor-element-3073935f elementor-section-boxed elementor-section-height-default elementor-section-height-default\" data-id=\"3073935f\" data-element_type=\"section\">\n\t\t\t\t\t\t<div class=\"elementor-container elementor-column-gap-default\">\n\t\t\t\t\t\t\t<div class=\"elementor-row\">\n\t\t\t\t\t<div class=\"elementor-column elementor-col-66 elementor-top-column elementor-element elementor-element-7bd78ce2\" data-id=\"7bd78ce2\" data-element_type=\"column\">\n\t\t\t<div class=\"elementor-column-wrap elementor-element-populated\">\n\t\t\t\t\t\t\t<div class=\"elementor-widget-wrap\">\n\t\t\t\t\t\t<div class=\"elementor-element elementor-element-29ca1d27 elementor-widget elementor-widget-heading\" data-id=\"29ca1d27\" data-element_type=\"widget\" data-widget_type=\"heading.default\">\n\t\t\t\t<div class=\"elementor-widget-container\">\n\t\t\t<h2 class=\"elementor-heading-title elementor-size-xl\">L\u00f6sungen f\u00fcr Ihr Eigenheim\n\n<\/h2>\t\t<\/div>\n\t\t\t\t<\/div>\n\t\t\t\t<div class=\"elementor-element elementor-element-28a597e3 elementor-widget-divider--view-line elementor-widget elementor-widget-divider\" data-id=\"28a597e3\" data-element_type=\"widget\" data-widget_type=\"divider.default\">\n\t\t\t\t<div class=\"elementor-widget-container\">\n\t\t\t\t\t<div class=\"elementor-divider\">\n\t\t\t<span class=\"elementor-divider-separator\">\n\t\t\t\t\t\t<\/span>\n\t\t<\/div>\n\t\t\t\t<\/div>\n\t\t\t\t<\/div>\n\t\t\t\t<div class=\"elementor-element elementor-element-1202e8c7 elementor-widget elementor-widget-text-editor\" data-id=\"1202e8c7\" data-element_type=\"widget\" data-widget_type=\"text-editor.default\">\n\t\t\t\t<div class=\"elementor-widget-container\">\n\t\t\t\t\t\t\t\t<div class=\"elementor-text-editor elementor-clearfix\">\n\t\t\t\t<ul><li>Licht \/ Beschattung \/ Heizung<\/li><li>Audio \/ TV \/ Homecinema<\/li><li>Zutritt \/ Video<\/li><li>Einbruch \/ Feuer \/ Wasser<\/li><li>Energiemanager<ul><li>Photovoltaik<\/li><li>W\u00e4rmepumpe \/ Boiler \/ E-Ladestation<\/li><\/ul><\/li><\/ul>\t\t\t\t\t<\/div>\n\t\t\t\t\t\t<\/div>\n\t\t\t\t<\/div>\n\t\t\t\t<div class=\"elementor-element elementor-element-3367561 elementor-widget elementor-widget-heading\" data-id=\"3367561\" data-element_type=\"widget\" data-widget_type=\"heading.default\">\n\t\t\t\t<div class=\"elementor-widget-container\">\n\t\t\t<h2 class=\"elementor-heading-title elementor-size-xl\">Geb\u00e4udeleitsysteme<\/h2>\t\t<\/div>\n\t\t\t\t<\/div>\n\t\t\t\t<div class=\"elementor-element elementor-element-40c3beb elementor-widget-divider--view-line elementor-widget elementor-widget-divider\" data-id=\"40c3beb\" data-element_type=\"widget\" data-widget_type=\"divider.default\">\n\t\t\t\t<div class=\"elementor-widget-container\">\n\t\t\t\t\t<div class=\"elementor-divider\">\n\t\t\t<span class=\"elementor-divider-separator\">\n\t\t\t\t\t\t<\/span>\n\t\t<\/div>\n\t\t\t\t<\/div>\n\t\t\t\t<\/div>\n\t\t\t\t<div class=\"elementor-element elementor-element-2877267e elementor-widget elementor-widget-text-editor\" data-id=\"2877267e\" data-element_type=\"widget\" data-widget_type=\"text-editor.default\">\n\t\t\t\t<div class=\"elementor-widget-container\">\n\t\t\t\t\t\t\t\t<div class=\"elementor-text-editor elementor-clearfix\">\n\t\t\t\t<ul><li>Gewerbe-, B\u00fcro- und \u00d6ffentliche Geb\u00e4ude<\/li><li>Feldbusebene: Licht \/ Beschattung \/ Heizung<\/li><li>Leitebene<ul><li>Nutzerinterface \/ Remotezugriff<\/li><li>Energiemonitoring<\/li><li>Verkn\u00fcpfung mehrerer Geb\u00e4ude<\/li><\/ul><\/li><\/ul>\t\t\t\t\t<\/div>\n\t\t\t\t\t\t<\/div>\n\t\t\t\t<\/div>\n\t\t\t\t\t\t<\/div>\n\t\t\t\t\t<\/div>\n\t\t<\/div>\n\t\t\t\t<div class=\"elementor-column elementor-col-33 elementor-top-column elementor-element elementor-element-6737aade\" data-id=\"6737aade\" data-element_type=\"column\">\n\t\t\t<div class=\"elementor-column-wrap elementor-element-populated\">\n\t\t\t\t\t\t\t<div class=\"elementor-widget-wrap\">\n\t\t\t\t\t\t<div class=\"elementor-element elementor-element-30653dcd elementor-widget elementor-widget-image\" data-id=\"30653dcd\" data-element_type=\"widget\" data-widget_type=\"image.default\">\n\t\t\t\t<div class=\"elementor-widget-container\">\n\t\t\t\t\t\t\t\t<div class=\"elementor-image\">\n\t\t\t\t\t\t\t\t\t\t\t\t<img loading=\"lazy\" decoding=\"async\" width=\"1200\" height=\"1600\" src=\"https:\/\/elektro-schoenenberger.ch\/wp-content\/uploads\/2022\/09\/adrian-1.jpeg\" class=\"attachment-full size-full\" alt=\"\" srcset=\"https:\/\/elektro-schoenenberger.ch\/wp-content\/uploads\/2022\/09\/adrian-1.jpeg 1200w, https:\/\/elektro-schoenenberger.ch\/wp-content\/uploads\/2022\/09\/adrian-1-225x300.jpeg 225w, https:\/\/elektro-schoenenberger.ch\/wp-content\/uploads\/2022\/09\/adrian-1-768x1024.jpeg 768w, https:\/\/elektro-schoenenberger.ch\/wp-content\/uploads\/2022\/09\/adrian-1-1152x1536.jpeg 1152w\" sizes=\"(max-width: 1200px) 100vw, 1200px\" \/>\t\t\t\t\t\t\t\t\t\t\t\t\t\t<\/div>\n\t\t\t\t\t\t<\/div>\n\t\t\t\t<\/div>\n\t\t\t\t\t\t<\/div>\n\t\t\t\t\t<\/div>\n\t\t<\/div>\n\t\t\t\t\t\t\t\t<\/div>\n\t\t\t\t\t<\/div>\n\t\t<\/section>\n\t\t\t\t\t\t\t\t\t<\/div>\n\t\t\t<\/div>\n\t\t\t\t\t<\/div>\n\t\t","protected":false},"excerpt":{"rendered":"<p>flexible 360\u00b0 Smarthome l\u00f6sung L\u00f6sungen f\u00fcr Ihr Eigenheim Licht \/ Beschattung \/ Heizung Audio \/ TV \/ Homecinema Zutritt \/ Video Einbruch \/ Feuer \/ Wasser Energiemanager Photovoltaik W\u00e4rmepumpe \/ Boiler \/ E-Ladestation Geb\u00e4udeleitsysteme Gewerbe-, B\u00fcro- und \u00d6ffentliche Geb\u00e4ude Feldbusebene: Licht \/ Beschattung \/ Heizung Leitebene Nutzerinterface \/ Remotezugriff Energiemonitoring Verkn\u00fcpfung mehrerer Geb\u00e4ude<\/p>\n","protected":false},"author":1,"featured_media":0,"parent":0,"menu_order":0,"comment_status":"closed","ping_status":"closed","template":"","meta":{"site-sidebar-layout":"no-sidebar","site-content-layout":"page-builder","ast-global-header-display":"","ast-main-header-display":"","ast-hfb-above-header-display":"","ast-hfb-below-header-display":"","ast-hfb-mobile-header-display":"","site-post-title":"disabled","ast-breadcrumbs-content":"","ast-featured-img":"disabled","footer-sml-layout":"","theme-transparent-header-meta":"default","adv-header-id-meta":"","stick-header-meta":"","header-above-stick-meta":"","header-main-stick-meta":"","header-below-stick-meta":"","footnotes":""},"_links":{"self":[{"href":"https:\/\/elektro-schoenenberger.ch\/index.php?rest_route=\/wp\/v2\/pages\/517"}],"collection":[{"href":"https:\/\/elektro-schoenenberger.ch\/index.php?rest_route=\/wp\/v2\/pages"}],"about":[{"href":"https:\/\/elektro-schoenenberger.ch\/index.php?rest_route=\/wp\/v2\/types\/page"}],"author":[{"embeddable":true,"href":"https:\/\/elektro-schoenenberger.ch\/index.php?rest_route=\/wp\/v2\/users\/1"}],"replies":[{"embeddable":true,"href":"https:\/\/elektro-schoenenberger.ch\/index.php?rest_route=%2Fwp%2Fv2%2Fcomments&post=517"}],"version-history":[{"count":13,"href":"https:\/\/elektro-schoenenberger.ch\/index.php?rest_route=\/wp\/v2\/pages\/517\/revisions"}],"predecessor-version":[{"id":623,"href":"https:\/\/elektro-schoenenberger.ch\/index.php?rest_route=\/wp\/v2\/pages\/517\/revisions\/623"}],"wp:attachment":[{"href":"https:\/\/elektro-schoenenberger.ch\/index.php?rest_route=%2Fwp%2Fv2%2Fmedia&parent=517"}],"curies":[{"name":"wp","href":"https:\/\/api.w.org\/{rel}","templated":true}]}}